{"id":14,"date":"2016-10-10T19:04:26","date_gmt":"2016-10-10T17:04:26","guid":{"rendered":"http:\/\/www.vendrynskavlnenadilnicka.cz\/?page_id=14"},"modified":"2021-01-03T16:44:11","modified_gmt":"2021-01-03T15:44:11","slug":"uvod","status":"publish","type":"page","link":"https:\/\/www.vendrynskavlnenadilnicka.cz\/","title":{"rendered":"O n\u00e1s"},"content":{"rendered":"<p>Pro\u010d vlna? Je to \u00fa\u017easn\u00fd p\u0159\u00edrodn\u00ed materi\u00e1l, ekologick\u00fd a trvale udr\u017eiteln\u00fd zdroj pro v\u00fdrobu textilu, od h\u0159ejiv\u00fdch od\u011bv\u016f a od\u011bvn\u00edch dopl\u0148k\u016f, a\u017e po origin\u00e1ln\u00ed dopl\u0148ky interi\u00e9rov\u00e9.<\/p>\n<p>Motto na\u0161\u00ed d\u00edlni\u010dky:<\/p>\n<p>Z p\u0159\u00edrody jsem&#8230;do p\u0159\u00edrody se vr\u00e1t\u00edm.&nbsp;<\/p>\n<p>ngg_shortcode_0_placeholderChov na\u0161ich ove\u010dek nen\u00ed spojen s \u017e\u00e1dn\u00fdmi chemick\u00fdmi z\u00e1sahy do p\u0159\u00edrody, pro v\u00fdrobu vyu\u017e\u00edv\u00e1me vlnu jak vlastn\u00ed, tak v\u00fdhradn\u011b region\u00e1ln\u00ed, tud\u00ed\u017e na\u0161e uhl\u00edkov\u00e1 stopa je minim\u00e1ln\u00ed. Cel\u00fd proces v\u00fdroby je ru\u010dn\u00ed, \u0161et\u0159\u00ed vodu vyu\u017eit\u00edm zadr\u017eovan\u00e9 de\u0161\u0165ov\u00e9 vody pro pran\u00ed vlny, elekt\u0159ina je pot\u0159ebn\u00e1 jen pro rozsv\u00edcen\u00ed 40W \u017e\u00e1rovky a&nbsp; barvu p\u0159\u00edz\u00edm dod\u00e1v\u00e1 p\u0159irozen\u00fd pigment v ov\u010d\u00edm rounu, tud\u00ed\u017e \u010dern\u00e1 z\u016fstane \u010dernou i bez speci\u00e1ln\u00edho prac\u00edho prost\u0159edku, barvy nepou\u0161t\u00ed a neblednou.<\/p>\n<p>D\u00edky tomuto p\u0159\u00edstupu jsou v\u0161echny na\u0161e v\u00fdrobky 100% biodegradabiln\u00ed, co\u017e znamen\u00e1, \u017ee a\u017e V\u00e1m doslou\u017e\u00ed, mohou se st\u00e1t potravou pro mal\u00e9 pomocn\u00edky v kompostu :-).<\/p>\n<p>Snad jedin\u00fdm omezen\u00edm je pouze paleta barev, p\u00e1\u010d zelen\u00e9 nebo oran\u017eov\u00e9 ove\u010dky opravdu nenajdete. Nicm\u00e9n\u011b dle m\u00e9ho n\u00e1zoru h\u00fd\u0159iv\u00e9 barvy podl\u00e9haj\u00ed m\u00f3dn\u00edm trend\u016fm, kde\u017eto kombinace \u010dern\u00e9 a b\u00edl\u00e9, \u010di zemit\u00e9 odst\u00edny hn\u011bd\u00e9 a \u0161ed\u00e9 jsou nad\u010dasov\u00e9. A v neposledn\u00ed \u0159ad\u011b z p\u0159\u00edrodn\u00edho materi\u00e1lu v p\u0159irozen\u00e9 barv\u011b d\u00fdch\u00e1 cosi neuchopiteln\u00e9ho, co n\u00e1s v\u0161echny spojuje s na\u0161imi ko\u0159eny a se zem\u00ed.<\/p>\n<p>\u00dadr\u017eba v\u00fdrobk\u016f<\/p>\n<p>Pran\u00ed &#8211; pouze ru\u010dn\u011b, jemn\u011b, do 40\u00b0C, tekut\u00fdm prost\u0159edkem na vlnu s lanol\u00ednem, pr\u00e1t i m\u00e1chat p\u0159i stejn\u00e9 teplot\u011b vody. Net\u0159\u00edt, nekroutit, opatrn\u011b vyma\u010dkat vodu (mo\u017eno v\u00fdrobek slo\u017eit do ru\u010dn\u00edku a lehce po\u0161lapat). Su\u0161it vodorovn\u011b na podlo\u017ece. Osv\u011b\u017een\u00ed vzhledu lze dos\u00e1hnout i napa\u0159en\u00edm \u017eehli\u010dkou na stupe\u0148 vlna p\u0159es mokr\u00e9 pl\u00e1tno.&nbsp;<\/p>\n<p>&nbsp;<\/p>\n<p>Jsme dr\u017eiteli zn\u00e1mky<\/p>\n<p><a href=\"http:\/\/www.regionalni-znacky.cz\/gorolsko-swoboda\/\"><img loading=\"lazy\" decoding=\"async\" class=\"alignnone wp-image-405 size-large\" src=\"https:\/\/www.vendrynskavlnenadilnicka.cz\/wp-content\/uploads\/2016\/10\/znacka_formal_GS_CZ_RGB_barva-1024x456.jpg\" alt=\"\" width=\"525\" height=\"234\" srcset=\"https:\/\/www.vendrynskavlnenadilnicka.cz\/wp-content\/uploads\/2016\/10\/znacka_formal_GS_CZ_RGB_barva-1024x456.jpg 1024w, https:\/\/www.vendrynskavlnenadilnicka.cz\/wp-content\/uploads\/2016\/10\/znacka_formal_GS_CZ_RGB_barva-300x134.jpg 300w, https:\/\/www.vendrynskavlnenadilnicka.cz\/wp-content\/uploads\/2016\/10\/znacka_formal_GS_CZ_RGB_barva-768x342.jpg 768w\" sizes=\"auto, (max-width: 525px) 100vw, 525px\" \/><\/a><\/p>\n<p>s produktem:<\/p>\n<p><span style=\"color: #d78500;\"><a style=\"color: #d78500;\" href=\"http:\/\/www.regionalni-znacky.cz\/gorolsko-swoboda\/cs\/certifikovane-produkty\/detail\/1575\/vyrobky-z-rucne-zpracovane-regionalni-vlny?k=produkty\" target=\"_blank\" rel=\"noopener\">V\u00fdrobky z ru\u010dn\u011b zpracovan\u00e9 region\u00e1ln\u00ed vlny<\/a><\/span><\/p>\n<p>Z\u00e1znam z kon\u00e1n\u00ed certifika\u010dn\u00ed komise uvedla \u010cT 9. dubna 2017 v po\u0159adu Zaj\u00edmavosti z region\u016f (Ostrava) <a href=\"http:\/\/www.ceskatelevize.cz\/ivysilani\/1187758204-zajimavosti-z-regionu-ostrava\/417231100232014-zajimavosti-z-regionu\" target=\"_blank\" rel=\"noopener\">(\u010das ve videu 21:06)<\/a><\/p>\n","protected":false},"excerpt":{"rendered":"<p>Pro\u010d vlna? Je to \u00fa\u017easn\u00fd p\u0159\u00edrodn\u00ed materi\u00e1l, ekologick\u00fd a trvale udr\u017eiteln\u00fd zdroj pro v\u00fdrobu textilu, od h\u0159ejiv\u00fdch od\u011bv\u016f a od\u011bvn\u00edch dopl\u0148k\u016f, a\u017e po origin\u00e1ln\u00ed dopl\u0148ky interi\u00e9rov\u00e9. Motto na\u0161\u00ed d\u00edlni\u010dky: Z p\u0159\u00edrody jsem&#8230;do p\u0159\u00edrody se vr\u00e1t\u00edm.&nbsp; Chov na\u0161ich ove\u010dek nen\u00ed spojen s \u017e\u00e1dn\u00fdmi chemick\u00fdmi z\u00e1sahy do p\u0159\u00edrody, pro v\u00fdrobu vyu\u017e\u00edv\u00e1me vlnu jak vlastn\u00ed, tak v\u00fdhradn\u011b region\u00e1ln\u00ed, &hellip; <\/p>\n<p class=\"link-more\"><a href=\"https:\/\/www.vendrynskavlnenadilnicka.cz\/\" class=\"more-link\">Pokra\u010dovat ve \u010dten\u00ed<span class=\"screen-reader-text\"> &#8222;O n\u00e1s&#8220;<\/span><\/a><\/p>\n","protected":false},"author":2,"featured_media":0,"parent":0,"menu_order":0,"comment_status":"closed","ping_status":"closed","template":"","meta":{"ngg_post_thumbnail":0,"footnotes":""},"class_list":["post-14","page","type-page","status-publish","hentry"],"_links":{"self":[{"href":"https:\/\/www.vendrynskavlnenadilnicka.cz\/index.php\/wp-json\/wp\/v2\/pages\/14","targetHints":{"allow":["GET"]}}],"collection":[{"href":"https:\/\/www.vendrynskavlnenadilnicka.cz\/index.php\/wp-json\/wp\/v2\/pages"}],"about":[{"href":"https:\/\/www.vendrynskavlnenadilnicka.cz\/index.php\/wp-json\/wp\/v2\/types\/page"}],"author":[{"embeddable":true,"href":"https:\/\/www.vendrynskavlnenadilnicka.cz\/index.php\/wp-json\/wp\/v2\/users\/2"}],"replies":[{"embeddable":true,"href":"https:\/\/www.vendrynskavlnenadilnicka.cz\/index.php\/wp-json\/wp\/v2\/comments?post=14"}],"version-history":[{"count":16,"href":"https:\/\/www.vendrynskavlnenadilnicka.cz\/index.php\/wp-json\/wp\/v2\/pages\/14\/revisions"}],"predecessor-version":[{"id":1008,"href":"https:\/\/www.vendrynskavlnenadilnicka.cz\/index.php\/wp-json\/wp\/v2\/pages\/14\/revisions\/1008"}],"wp:attachment":[{"href":"https:\/\/www.vendrynskavlnenadilnicka.cz\/index.php\/wp-json\/wp\/v2\/media?parent=14"}],"curies":[{"name":"wp","href":"https:\/\/api.w.org\/{rel}","templated":true}]}}